{"id":162,"date":"2016-02-04T11:01:04","date_gmt":"2016-02-04T11:01:04","guid":{"rendered":"http:\/\/fluentthemes.com\/wp\/zionhost\/?page_id=162"},"modified":"2024-05-03T16:11:35","modified_gmt":"2024-05-03T16:11:35","slug":"vps-server","status":"publish","type":"page","link":"https:\/\/dominiosfull.com\/portal\/vps-server\/","title":{"rendered":"VPS Server"},"content":{"rendered":"<div class=\"wpb-content-wrapper\"><p>[vc_row][vc_column][rev_slider_vc alias=\u00bbvps_hosting\u00bb][\/vc_column][\/vc_row][vc_row top_padding=\u00bb60px\u00bb][vc_column]<div class=\"title4\">\r\n\t\t\t\t\t<h2 style=\"color: #222222;\"><span class=\"line\"><\/span>\r\n\t\t\t\t\tVPS Hosting\t<\/h2>\r\n\t\t\t\t<\/div>[vc_empty_space height=\u00bb50px\u00bb][\/vc_column][\/vc_row][vc_row][vc_column][vc_column_text]<\/p>\n<p style=\"text-align: justify;\"><span style=\"font-size: 12pt; font-family: arial, helvetica, sans-serif;\">Nuestro alojamiento de VPS como una soluci\u00f3n rentable le ofrece las mejores caracter\u00edsticas de servidores y productos de espacio web: aproveche nuestros planes de alojamiento VPS econ\u00f3micos. Ahora le ofrecemos VPS con espacio de almacenamiento <span style=\"color: #ff6600;\"><strong>SSD y NVMe (Alta Velocidad)<\/strong><\/span>, para un rendimiento a\u00fan m\u00e1s optimo. Las instant\u00e1neas est\u00e1n disponibles para una restauraci\u00f3n r\u00e1pida del sistema. Las caracter\u00edsticas clave son hardware de vanguardia y virtualizaci\u00f3n basada en KVM. Elija su sistema operativo y su cPanel de confianza. Administre su vServer con cPanel \/ WHM. Seleccione el VPS que tenga las mejores caracter\u00edsticas para sus necesidades ahora y benef\u00edciese de la alta calidad y el rendimiento de nuestras poderosas soluciones de alojamiento VPS. Protecci\u00f3n DDoS incluida, sin costo.<\/span><\/p>\n<p>[\/vc_column_text][\/vc_column][\/vc_row][vc_row][vc_column width=\u00bb1\/3&#8243;][vc_empty_space height=\u00bb50px\u00bb]<div class=\"animate-in\" data-anim-type=\"fade-in-right\" data-anim-delay=\"100\">\r\n\t\t\t\t<div class=\"fe-col\" style=\"width: 100%;\">\r\n\t\t\t\t<div class=\"fe-col-wrp type1 \" style=\"padding: 25px 20px 15px 30px;\">\r\n\t\t\t\t<h3 style=\"color: #222222; font-size: 18px; font-weight: normal; text-align: left; text-transform: none;\"><span class=\"fa fa-cog\" style=\"color: #868686; font-size: 23px; padding-right: 15px;\"><\/span>INFRAESTRUCTURA<\/h3>\r\n\t\t\t\t<p style=\"text-align: left; width: 100%;\"><\/p>\r\n\t\t\t\t<\/div>\r\n\t\t\t\t<\/div>\r\n\t\t\t  <\/div>[\/vc_column][vc_column width=\u00bb1\/3&#8243;][vc_empty_space height=\u00bb50px\u00bb]<div class=\"animate-in\" data-anim-type=\"fade-in-right\" data-anim-delay=\"100\">\r\n\t\t\t\t<div class=\"fe-col\" style=\"width: 100%;\">\r\n\t\t\t\t<div class=\"fe-col-wrp type1 \" style=\"padding: 25px 20px 15px 30px;\">\r\n\t\t\t\t<h3 style=\"color: #222222; font-size: 18px; font-weight: normal; text-align: left; text-transform: none;\"><span class=\"fa fa-cloud\" style=\"color: #868686; font-size: 23px; padding-right: 15px;\"><\/span>ALMACENAMIENTO<\/h3>\r\n\t\t\t\t<p style=\"text-align: left; width: 100%;\"><\/p>\r\n\t\t\t\t<\/div>\r\n\t\t\t\t<\/div>\r\n\t\t\t  <\/div>[\/vc_column][vc_column width=\u00bb1\/3&#8243;][vc_empty_space height=\u00bb50px\u00bb]<div class=\"animate-in\" data-anim-type=\"fade-in-right\" data-anim-delay=\"100\">\r\n\t\t\t\t<div class=\"fe-col\" style=\"width: 100%;\">\r\n\t\t\t\t<div class=\"fe-col-wrp type1 \" style=\"padding: 25px 20px 15px 30px;\">\r\n\t\t\t\t<h3 style=\"color: #222222; font-size: 18px; font-weight: normal; text-align: left; text-transform: none;\"><span class=\"fa fa-coffee\" style=\"color: #868686; font-size: 23px; padding-right: 15px;\"><\/span>ADMINISTRACION<\/h3>\r\n\t\t\t\t<p style=\"text-align: left; width: 100%;\"><\/p>\r\n\t\t\t\t<\/div>\r\n\t\t\t\t<\/div>\r\n\t\t\t  <\/div>[\/vc_column][\/vc_row][vc_row full_width=\u00bbstretch_row\u00bb parallax=\u00bbcontent-moving\u00bb parallax_image=\u00bb180&#8243; top_padding=\u00bb60px\u00bb bottom_padding=\u00bb10px\u00bb][vc_column]<div class=\"title4\">\r\n\t\t\t\t\t<h2 style=\"color: ;\"><span class=\"line\"><\/span>\r\n\t\t\t\t\tVPS - 100% SSD o NVMe<em style=\"color: #ff823a;\">*NVMe (Alta Velocidad)<\/em>\t<\/h2>\r\n\t\t\t\t<\/div>[vc_empty_space height=\u00bb90px\u00bb][vc_row_inner][vc_column_inner width=\u00bb1\/4&#8243;]<div class=\"animate-in\" data-anim-type=\"bounce-in-up\" data-anim-delay=\"100\">\r\n\t\t\t\t<div class=\"price-col one \">\r\n\t\t\t\t\t<div class=\"prices one\">\r\n\t\t\t\t\t$359.000<span>\/ Mes<\/span>\t\t<\/div>\r\n\r\n\t\t\t\t\t<div class=\"plan-title one\">\r\n\t\t\t\t\t\t<h2>4 CORES SSD \/ NVMe<\/h2>\r\n\t\t\t\t\t<\/div>\r\n\t\t\t\t\t<ul class=\"plan-list\"><li class=\"light\"><b>CORES:<\/b> 4 (Intel\u00ae Xeon\u00ae 4114)<br \/><\/li><li class=\"dark\">E5-2630v4 or E5-2620v3<br \/><\/li><li class=\"light\"><b>RAM:<\/b> 8GB (100%)<br \/><\/li><li class=\"dark\"><b>DISCO:<\/b><br \/><\/li><li class=\"light\">200GB SSD\/50GB NVMe\/100GB NVMe<br \/><\/li><li class=\"dark\"><b>Administraci\u00f3n:<\/b> Root Putty \/ FTP \/ IP<br \/><\/li><li class=\"light\"><b>*Snapshots Asistido:<\/b> 1<br \/><\/li><li class=\"dark\"><b>Espacio Backup:<\/b> Opcional<br \/><\/li><li class=\"light\"><b>DDoS protection:<\/b> SI<br \/><\/li><li class=\"dark\"><b>SISTEMA:<\/b> Cent OS 7\/8\/AlmaLinux 8.4<br \/><\/li><li class=\"light\"><b>cPanel:<\/b> Opcional<br \/><\/li><li class=\"dark\"><b>IP Fija:<\/b> 1 (+opcional)<br \/><\/li><li class=\"light\"><b>ADMIN DNS:<\/b> Si<br \/><\/li><li class=\"dark\"><b>Transferencia Mes:<\/b> Ilimitada Root<br \/><\/li><li class=\"light\"><b>Puerto:<\/b> 200 Mbit\/s<br \/><\/li><li class=\"dark\"><b>Dominios Add:<\/b> Ilimitados<br \/><\/li><li class=\"light\"><b>Certificado SSL HTTPS: <\/b>Opcional<\/li><\/ul>\r\n\t\t\t\t\t<div class=\"get-btn\">\r\n\t\t\t\t\t\t<a href=\"https:\/\/dominiosfull.com\/clientes\/store\/servidores-dedicados-vps\/vps-4-cores-ssdnvme\" class=\"btn darkbox \">COMPRAR<\/a>\r\n\t\t\t\t\t<\/div>\r\n\t\t\t\t<\/div>\r\n\t\t\t<\/div>[vc_empty_space height=\u00bb70px\u00bb][\/vc_column_inner][vc_column_inner width=\u00bb1\/4&#8243;]<div class=\"animate-in\" data-anim-type=\"bounce-in-up\" data-anim-delay=\"100\">\r\n\t\t\t\t<div class=\"price-col one active\">\r\n\t\t\t\t\t<div class=\"prices one\">\r\n\t\t\t\t\t$379.000<span>\/ Mes<\/span>\t\t<\/div>\r\n\r\n\t\t\t\t\t<div class=\"plan-title one\">\r\n\t\t\t\t\t\t<h2>6 CORES SSD \/ NVMe<\/h2>\r\n\t\t\t\t\t<\/div>\r\n\t\t\t\t\t<ul class=\"plan-list\"><li class=\"light\"><b>CORES:<\/b> 6 (Intel\u00ae Xeon\u00ae 4114)<br \/><\/li><li class=\"dark\">E5-2630v4 or E5-2620v3<br \/><\/li><li class=\"light\"><b>RAM:<\/b> 16GB (100%)<br \/><\/li><li class=\"dark\"><b>DISCO:<\/b><br \/><\/li><li class=\"light\">400GB SSD\/100GB NVMe\/200GB NVMe<br \/><\/li><li class=\"dark\"><b>Administraci\u00f3n:<\/b> Root Putty \/ FTP \/ IP<br \/><\/li><li class=\"light\"><b>*Snapshots Asistido:<\/b> 2<br \/><\/li><li class=\"dark\"><b>Espacio Backup:<\/b> Opcional<br \/><\/li><li class=\"light\"><b>DDoS protection:<\/b> SI<br \/><\/li><li class=\"dark\"><b>SISTEMA:<\/b> Cent OS 7\/8\/AlmaLinux 8.4<br \/><\/li><li class=\"light\"><b>cPanel:<\/b> Opcional<br \/><\/li><li class=\"dark\"><b>IP Fija:<\/b> 1 (+opcional)<br \/><\/li><li class=\"light\"><b>ADMIN DNS:<\/b> Si<br \/><\/li><li class=\"dark\"><b>Transferencia Mes:<\/b> Ilimitada Root<br \/><\/li><li class=\"light\"><b>Puerto:<\/b> 400 Mbit\/s<br \/><\/li><li class=\"dark\"><b>Dominios Add:<\/b> Ilimitados<br \/><\/li><li class=\"light\"><b>Certificado SSL HTTPS: <\/b>Opcional<\/li><\/ul>\r\n\t\t\t\t\t<div class=\"get-btn\">\r\n\t\t\t\t\t\t<a href=\"https:\/\/dominiosfull.com\/clientes\/store\/servidores-dedicados-vps\/vps-6-cores-ssdnvme\" class=\"btn darkbox active\">COMPRAR<\/a>\r\n\t\t\t\t\t<\/div>\r\n\t\t\t\t<\/div>\r\n\t\t\t<\/div>[vc_empty_space height=\u00bb70px\u00bb][\/vc_column_inner][vc_column_inner width=\u00bb1\/4&#8243;]<div class=\"animate-in\" data-anim-type=\"bounce-in-up\" data-anim-delay=\"100\">\r\n\t\t\t\t<div class=\"price-col one \">\r\n\t\t\t\t\t<div class=\"prices one\">\r\n\t\t\t\t\t$419.000<span>\/ Mes<\/span>\t\t<\/div>\r\n\r\n\t\t\t\t\t<div class=\"plan-title one\">\r\n\t\t\t\t\t\t<h2>8 CORES SSD \/ NVMe<\/h2>\r\n\t\t\t\t\t<\/div>\r\n\t\t\t\t\t<ul class=\"plan-list\"><li class=\"light\"><b>CORES:<\/b> 8 (Intel\u00ae Xeon\u00ae 4114)<br \/><\/li><li class=\"dark\">E5-2630v4 or E5-2620v3<br \/><\/li><li class=\"light\"><b>RAM:<\/b> 30GB (100%)<br \/><\/li><li class=\"dark\"><b>DISCO:<\/b><br \/><\/li><li class=\"light\">800GB SSD\/200GB NVMe\/400GB NVMe<br \/><\/li><li class=\"dark\"><b>Administraci\u00f3n:<\/b> Root Putty \/ FTP \/ IP<br \/><\/li><li class=\"light\"><b>*Snapshots Asistido:<\/b> 3<br \/><\/li><li class=\"dark\"><b>Espacio Backup:<\/b> Opcional<br \/><\/li><li class=\"light\"><b>DDoS protection:<\/b> SI<br \/><\/li><li class=\"dark\"><b>SISTEMA:<\/b> Cent OS 7\/8\/AlmaLinux 8.4<br \/><\/li><li class=\"light\"><b>cPanel:<\/b> Opcional<br \/><\/li><li class=\"dark\"><b>IP Fija:<\/b> 1 (+opcional)<br \/><\/li><li class=\"light\"><b>ADMIN DNS:<\/b> Si<br \/><\/li><li class=\"dark\"><b>Transferencia Mes:<\/b> Ilimitada Root<br \/><\/li><li class=\"light\"><b>Puerto:<\/b> 600 Mbit\/s<br \/><\/li><li class=\"dark\"><b>Dominios Add:<\/b> Ilimitados<br \/><\/li><li class=\"light\"><b>Certificado SSL HTTPS: <\/b>Opcional<\/li><\/ul>\r\n\t\t\t\t\t<div class=\"get-btn\">\r\n\t\t\t\t\t\t<a href=\"https:\/\/dominiosfull.com\/clientes\/store\/servidores-dedicados-vps\/vps-8-cores-ssdnvme\" class=\"btn darkbox \">COMPRAR<\/a>\r\n\t\t\t\t\t<\/div>\r\n\t\t\t\t<\/div>\r\n\t\t\t<\/div>[vc_empty_space height=\u00bb70px\u00bb][\/vc_column_inner][vc_column_inner width=\u00bb1\/4&#8243;]<div class=\"animate-in\" data-anim-type=\"bounce-in-up\" data-anim-delay=\"100\">\r\n\t\t\t\t<div class=\"price-col one \">\r\n\t\t\t\t\t<div class=\"prices one\">\r\n\t\t\t\t\t$530.000<span>\/ Mes<\/span>\t\t<\/div>\r\n\r\n\t\t\t\t\t<div class=\"plan-title one\">\r\n\t\t\t\t\t\t<h2>10 CORES SSD \/ NVMe<\/h2>\r\n\t\t\t\t\t<\/div>\r\n\t\t\t\t\t<ul class=\"plan-list\"><li class=\"light\"><b>CORES:<\/b> 10 (Intel\u00ae Xeon\u00ae 4114)<br \/><\/li><li class=\"dark\">E5-2630v4 or E5-2620v3<br \/><\/li><li class=\"light\"><b>RAM:<\/b> 60GB (100%)<br \/><\/li><li class=\"dark\"><b>DISCO:<\/b><br \/><\/li><li class=\"light\">1600GB SSD\/400GB NVMe\/800GB NVMe<br \/><\/li><li class=\"dark\"><b>Administraci\u00f3n:<\/b> Root Putty \/ FTP \/ IP<br \/><\/li><li class=\"light\"><b>*Snapshots Asistido:<\/b> 4<br \/><\/li><li class=\"dark\"><b>Espacio Backup:<\/b> Opcional<br \/><\/li><li class=\"light\"><b>DDoS protection:<\/b> SI<br \/><\/li><li class=\"dark\"><b>SISTEMA:<\/b> Cent OS 7\/8\/AlmaLinux 8.4<br \/><\/li><li class=\"light\"><b>cPanel:<\/b> Opcional<br \/><\/li><li class=\"dark\"><b>IP Fija:<\/b> 1 (+opcional)<br \/><\/li><li class=\"light\"><b>ADMIN DNS:<\/b> Si<br \/><\/li><li class=\"dark\"><b>Transferencia Mes:<\/b> Ilimitada Root<br \/><\/li><li class=\"light\"><b>Puerto:<\/b> 1 Gbit\/s<br \/><\/li><li class=\"dark\"><b>Dominios Add:<\/b> Ilimitados<br \/><\/li><li class=\"light\"><b>Certificado SSL HTTPS: <\/b>Opcional<\/li><\/ul>\r\n\t\t\t\t\t<div class=\"get-btn\">\r\n\t\t\t\t\t\t<a href=\"https:\/\/dominiosfull.com\/clientes\/store\/servidores-dedicados-vps\/vps-10-cores-ssdnvme\" class=\"btn darkbox \">COMPRAR<\/a>\r\n\t\t\t\t\t<\/div>\r\n\t\t\t\t<\/div>\r\n\t\t\t<\/div>[vc_empty_space height=\u00bb70px\u00bb][\/vc_column_inner][\/vc_row_inner][\/vc_column][\/vc_row][vc_row][vc_column][vc_column_text]* Snapshots Asistido:<br \/>\n<span style=\"color: #ff6600;\"><strong>\u00bfC\u00f3mo funcionan las instant\u00e1neas de la serie VPS \u201c100% SSD\u201d?\u00a0<\/strong><\/span><br \/>\nNuestra serie VPS-100% SSD le ofrece la posibilidad de solicitar por medio de Ticket de Soporte desde su Area de Cliente, la creaci\u00f3n de los Snapshots llamadas \u00abinstant\u00e1neas\u00bb de su sistema (el numero de instantaneas depende del tipo de VPS contratado \/ Por mes).\u00a0Esto significa que el estado actual de su sistema VPS se guarda y almacena.\u00a0Esta es una herramienta \u00fatil que le permite ejecutar actualizaciones de aplicaciones sin riesgos o instalar software nuevo en su sistema.\u00a0En caso de que encuentre alg\u00fan problema despu\u00e9s, puede \u00abretroceder\u00bb f\u00e1cilmente su sistema a su estado anterior con tan solo solicitarlo con el Ticket desde su Area de Cliente.[\/vc_column_text][vc_empty_space height=\u00bb90px\u00bb][\/vc_column][\/vc_row]<\/p>\n<\/div>","protected":false},"excerpt":{"rendered":"<p>[vc_row][vc_column][rev_slider_vc alias=\u00bbvps_hosting\u00bb][\/vc_column][\/vc_row][vc_row top_padding=\u00bb60px\u00bb][vc_column][vc_empty_space height=\u00bb50px\u00bb][\/vc_column][\/vc_row][vc_row][vc_column][vc_column_text] Nuestro alojamiento de VPS como una soluci\u00f3n rentable le ofrece las mejores caracter\u00edsticas de servidores y productos de espacio web: aproveche nuestros planes de alojamiento VPS econ\u00f3micos. Ahora le ofrecemos VPS con espacio de almacenamiento SSD y NVMe (Alta Velocidad), para un rendimiento a\u00fan m\u00e1s optimo. Las instant\u00e1neas est\u00e1n disponibles para una restauraci\u00f3n r\u00e1pida del sistema. Las caracter\u00edsticas clave son hardware [&hellip;]<\/p>\n","protected":false},"author":1,"featured_media":0,"parent":0,"menu_order":0,"comment_status":"closed","ping_status":"closed","template":"page-vc.php","meta":{"footnotes":""},"class_list":["post-162","page","type-page","status-publish","hentry"],"yoast_head":"<!-- This site is optimized with the Yoast SEO Premium plugin v22.0 (Yoast SEO v22.0) - https:\/\/yoast.com\/wordpress\/plugins\/seo\/ -->\n<title>VPS Server - DominiosFull<\/title>\n<meta name=\"description\" content=\"Nuestro alojamiento de VPS como una soluci\u00f3n rentable le ofrece las mejores caracter\u00edsticas de servidores dedicados y productos de espacio web...\" \/>\n<meta name=\"robots\" content=\"index, follow, max-snippet:-1, max-image-preview:large, max-video-preview:-1\" \/>\n<link rel=\"canonical\" href=\"https:\/\/dominiosfull.com\/portal\/vps-server\/\" \/>\n<meta property=\"og:locale\" content=\"es_ES\" \/>\n<meta property=\"og:type\" content=\"article\" \/>\n<meta property=\"og:title\" content=\"VPS Server\" \/>\n<meta property=\"og:description\" content=\"Nuestro alojamiento de VPS como una soluci\u00f3n rentable le ofrece las mejores caracter\u00edsticas de servidores dedicados y productos de espacio web: aproveche nuestros planes de alojamiento econ\u00f3mico.\" \/>\n<meta property=\"og:url\" content=\"https:\/\/dominiosfull.com\/portal\/vps-server\/\" \/>\n<meta property=\"og:site_name\" content=\"DominiosFull\" \/>\n<meta property=\"article:publisher\" content=\"https:\/\/www.facebook.com\/dominiosfullpagina\" \/>\n<meta property=\"article:modified_time\" content=\"2024-05-03T16:11:35+00:00\" \/>\n<meta name=\"twitter:card\" content=\"summary_large_image\" \/>\n<meta name=\"twitter:site\" content=\"@dominiosfull\" \/>\n<meta name=\"twitter:label1\" content=\"Tiempo de lectura\" \/>\n\t<meta name=\"twitter:data1\" content=\"3 minutos\" \/>\n<script type=\"application\/ld+json\" class=\"yoast-schema-graph\">{\"@context\":\"https:\/\/schema.org\",\"@graph\":[{\"@type\":\"WebPage\",\"@id\":\"https:\/\/dominiosfull.com\/portal\/vps-server\/\",\"url\":\"https:\/\/dominiosfull.com\/portal\/vps-server\/\",\"name\":\"VPS Server - DominiosFull\",\"isPartOf\":{\"@id\":\"https:\/\/dominiosfull.com\/portal\/#website\"},\"datePublished\":\"2016-02-04T11:01:04+00:00\",\"dateModified\":\"2024-05-03T16:11:35+00:00\",\"description\":\"Nuestro alojamiento de VPS como una soluci\u00f3n rentable le ofrece las mejores caracter\u00edsticas de servidores dedicados y productos de espacio web...\",\"breadcrumb\":{\"@id\":\"https:\/\/dominiosfull.com\/portal\/vps-server\/#breadcrumb\"},\"inLanguage\":\"es\",\"potentialAction\":[{\"@type\":\"ReadAction\",\"target\":[\"https:\/\/dominiosfull.com\/portal\/vps-server\/\"]}]},{\"@type\":\"BreadcrumbList\",\"@id\":\"https:\/\/dominiosfull.com\/portal\/vps-server\/#breadcrumb\",\"itemListElement\":[{\"@type\":\"ListItem\",\"position\":1,\"name\":\"Home\",\"item\":\"https:\/\/dominiosfull.com\/portal\/\"},{\"@type\":\"ListItem\",\"position\":2,\"name\":\"VPS Server\"}]},{\"@type\":\"WebSite\",\"@id\":\"https:\/\/dominiosfull.com\/portal\/#website\",\"url\":\"https:\/\/dominiosfull.com\/portal\/\",\"name\":\"DominiosFull.com\",\"description\":\"Inform\u00e1tica en Internet\",\"publisher\":{\"@id\":\"https:\/\/dominiosfull.com\/portal\/#organization\"},\"potentialAction\":[{\"@type\":\"SearchAction\",\"target\":{\"@type\":\"EntryPoint\",\"urlTemplate\":\"https:\/\/dominiosfull.com\/portal\/?s={search_term_string}\"},\"query-input\":\"required name=search_term_string\"}],\"inLanguage\":\"es\"},{\"@type\":\"Organization\",\"@id\":\"https:\/\/dominiosfull.com\/portal\/#organization\",\"name\":\"DominiosFull\",\"url\":\"https:\/\/dominiosfull.com\/portal\/\",\"logo\":{\"@type\":\"ImageObject\",\"inLanguage\":\"es\",\"@id\":\"https:\/\/dominiosfull.com\/portal\/#\/schema\/logo\/image\/\",\"url\":\"https:\/\/dominiosfull.com\/portal\/wp-content\/uploads\/2018\/07\/White-with-Colorful-Icon-Computer-Logo-2.fw_.png\",\"contentUrl\":\"https:\/\/dominiosfull.com\/portal\/wp-content\/uploads\/2018\/07\/White-with-Colorful-Icon-Computer-Logo-2.fw_.png\",\"width\":356,\"height\":112,\"caption\":\"DominiosFull\"},\"image\":{\"@id\":\"https:\/\/dominiosfull.com\/portal\/#\/schema\/logo\/image\/\"},\"sameAs\":[\"https:\/\/www.facebook.com\/dominiosfullpagina\",\"https:\/\/twitter.com\/dominiosfull\",\"https:\/\/www.instagram.com\/dominiosfull\/\"]}]}<\/script>\n<!-- \/ Yoast SEO Premium plugin. -->","yoast_head_json":{"title":"VPS Server - DominiosFull","description":"Nuestro alojamiento de VPS como una soluci\u00f3n rentable le ofrece las mejores caracter\u00edsticas de servidores dedicados y productos de espacio web...","robots":{"index":"index","follow":"follow","max-snippet":"max-snippet:-1","max-image-preview":"max-image-preview:large","max-video-preview":"max-video-preview:-1"},"canonical":"https:\/\/dominiosfull.com\/portal\/vps-server\/","og_locale":"es_ES","og_type":"article","og_title":"VPS Server","og_description":"Nuestro alojamiento de VPS como una soluci\u00f3n rentable le ofrece las mejores caracter\u00edsticas de servidores dedicados y productos de espacio web: aproveche nuestros planes de alojamiento econ\u00f3mico.","og_url":"https:\/\/dominiosfull.com\/portal\/vps-server\/","og_site_name":"DominiosFull","article_publisher":"https:\/\/www.facebook.com\/dominiosfullpagina","article_modified_time":"2024-05-03T16:11:35+00:00","twitter_card":"summary_large_image","twitter_site":"@dominiosfull","twitter_misc":{"Tiempo de lectura":"3 minutos"},"schema":{"@context":"https:\/\/schema.org","@graph":[{"@type":"WebPage","@id":"https:\/\/dominiosfull.com\/portal\/vps-server\/","url":"https:\/\/dominiosfull.com\/portal\/vps-server\/","name":"VPS Server - DominiosFull","isPartOf":{"@id":"https:\/\/dominiosfull.com\/portal\/#website"},"datePublished":"2016-02-04T11:01:04+00:00","dateModified":"2024-05-03T16:11:35+00:00","description":"Nuestro alojamiento de VPS como una soluci\u00f3n rentable le ofrece las mejores caracter\u00edsticas de servidores dedicados y productos de espacio web...","breadcrumb":{"@id":"https:\/\/dominiosfull.com\/portal\/vps-server\/#breadcrumb"},"inLanguage":"es","potentialAction":[{"@type":"ReadAction","target":["https:\/\/dominiosfull.com\/portal\/vps-server\/"]}]},{"@type":"BreadcrumbList","@id":"https:\/\/dominiosfull.com\/portal\/vps-server\/#breadcrumb","itemListElement":[{"@type":"ListItem","position":1,"name":"Home","item":"https:\/\/dominiosfull.com\/portal\/"},{"@type":"ListItem","position":2,"name":"VPS Server"}]},{"@type":"WebSite","@id":"https:\/\/dominiosfull.com\/portal\/#website","url":"https:\/\/dominiosfull.com\/portal\/","name":"DominiosFull.com","description":"Inform\u00e1tica en Internet","publisher":{"@id":"https:\/\/dominiosfull.com\/portal\/#organization"},"potentialAction":[{"@type":"SearchAction","target":{"@type":"EntryPoint","urlTemplate":"https:\/\/dominiosfull.com\/portal\/?s={search_term_string}"},"query-input":"required name=search_term_string"}],"inLanguage":"es"},{"@type":"Organization","@id":"https:\/\/dominiosfull.com\/portal\/#organization","name":"DominiosFull","url":"https:\/\/dominiosfull.com\/portal\/","logo":{"@type":"ImageObject","inLanguage":"es","@id":"https:\/\/dominiosfull.com\/portal\/#\/schema\/logo\/image\/","url":"https:\/\/dominiosfull.com\/portal\/wp-content\/uploads\/2018\/07\/White-with-Colorful-Icon-Computer-Logo-2.fw_.png","contentUrl":"https:\/\/dominiosfull.com\/portal\/wp-content\/uploads\/2018\/07\/White-with-Colorful-Icon-Computer-Logo-2.fw_.png","width":356,"height":112,"caption":"DominiosFull"},"image":{"@id":"https:\/\/dominiosfull.com\/portal\/#\/schema\/logo\/image\/"},"sameAs":["https:\/\/www.facebook.com\/dominiosfullpagina","https:\/\/twitter.com\/dominiosfull","https:\/\/www.instagram.com\/dominiosfull\/"]}]}},"_links":{"self":[{"href":"https:\/\/dominiosfull.com\/portal\/wp-json\/wp\/v2\/pages\/162","targetHints":{"allow":["GET"]}}],"collection":[{"href":"https:\/\/dominiosfull.com\/portal\/wp-json\/wp\/v2\/pages"}],"about":[{"href":"https:\/\/dominiosfull.com\/portal\/wp-json\/wp\/v2\/types\/page"}],"author":[{"embeddable":true,"href":"https:\/\/dominiosfull.com\/portal\/wp-json\/wp\/v2\/users\/1"}],"replies":[{"embeddable":true,"href":"https:\/\/dominiosfull.com\/portal\/wp-json\/wp\/v2\/comments?post=162"}],"version-history":[{"count":119,"href":"https:\/\/dominiosfull.com\/portal\/wp-json\/wp\/v2\/pages\/162\/revisions"}],"predecessor-version":[{"id":2140,"href":"https:\/\/dominiosfull.com\/portal\/wp-json\/wp\/v2\/pages\/162\/revisions\/2140"}],"wp:attachment":[{"href":"https:\/\/dominiosfull.com\/portal\/wp-json\/wp\/v2\/media?parent=162"}],"curies":[{"name":"wp","href":"https:\/\/api.w.org\/{rel}","templated":true}]}}