{"id":1251,"date":"2018-08-28T22:25:21","date_gmt":"2018-08-28T22:25:21","guid":{"rendered":"https:\/\/dominiosfull.com\/portal\/?page_id=1251"},"modified":"2018-08-28T23:01:43","modified_gmt":"2018-08-28T23:01:43","slug":"diseno-web-cursos-online","status":"publish","type":"page","link":"https:\/\/dominiosfull.com\/portal\/diseno-web-cursos-online\/","title":{"rendered":"Dise\u00f1o Web \/ Cursos OnLine"},"content":{"rendered":"<div class=\"wpb-content-wrapper\"><p>[vc_row][vc_column]<section class=\"common_section\">\r\n\t\t\t\t\t<div class=\"container\">\r\n\t\t\t\t\t<div class=\"two_third\">\r\n\t\t\t\t\t<div class=\"carousel_holder\">\r\n\t\t\t\t\t\t  <div id=\"sync1\" class=\"owl-carousel\">\r\n\t\t\t\t\t\t\t\t\r\n\t\t\t\t\t\t\t<div class=\"item\"><img loading=\"lazy\" decoding=\"async\" width=\"800\" height=\"600\" src=\"https:\/\/dominiosfull.com\/portal\/wp-content\/uploads\/2018\/08\/diseno_web_cursos_online_1.jpg\" class=\"attachment-full\" alt=\"\" title=\"diseno_web_cursos_online_1\" srcset=\"https:\/\/dominiosfull.com\/portal\/wp-content\/uploads\/2018\/08\/diseno_web_cursos_online_1.jpg 800w, https:\/\/dominiosfull.com\/portal\/wp-content\/uploads\/2018\/08\/diseno_web_cursos_online_1-300x225.jpg 300w, https:\/\/dominiosfull.com\/portal\/wp-content\/uploads\/2018\/08\/diseno_web_cursos_online_1-768x576.jpg 768w, https:\/\/dominiosfull.com\/portal\/wp-content\/uploads\/2018\/08\/diseno_web_cursos_online_1-700x525.jpg 700w\" sizes=\"auto, (max-width: 800px) 100vw, 800px\" \/><\/div>\r\n\t\t\t\t\t\t\t\r\n\t\t\t\t\t\t\t<div class=\"item\"><img loading=\"lazy\" decoding=\"async\" width=\"800\" height=\"600\" src=\"https:\/\/dominiosfull.com\/portal\/wp-content\/uploads\/2018\/08\/diseno_web_cursos_online_2.jpg\" class=\"attachment-full\" alt=\"\" title=\"diseno_web_cursos_online_2\" srcset=\"https:\/\/dominiosfull.com\/portal\/wp-content\/uploads\/2018\/08\/diseno_web_cursos_online_2.jpg 800w, https:\/\/dominiosfull.com\/portal\/wp-content\/uploads\/2018\/08\/diseno_web_cursos_online_2-300x225.jpg 300w, https:\/\/dominiosfull.com\/portal\/wp-content\/uploads\/2018\/08\/diseno_web_cursos_online_2-768x576.jpg 768w, https:\/\/dominiosfull.com\/portal\/wp-content\/uploads\/2018\/08\/diseno_web_cursos_online_2-700x525.jpg 700w\" sizes=\"auto, (max-width: 800px) 100vw, 800px\" \/><\/div>\r\n\t\t\t\t\t\t\t\r\n\t\t\t\t\t\t\t<div class=\"item\"><img loading=\"lazy\" decoding=\"async\" width=\"800\" height=\"600\" src=\"https:\/\/dominiosfull.com\/portal\/wp-content\/uploads\/2018\/08\/diseno_web_cursos_online_3.jpg\" class=\"attachment-full\" alt=\"\" title=\"diseno_web_cursos_online_3\" srcset=\"https:\/\/dominiosfull.com\/portal\/wp-content\/uploads\/2018\/08\/diseno_web_cursos_online_3.jpg 800w, https:\/\/dominiosfull.com\/portal\/wp-content\/uploads\/2018\/08\/diseno_web_cursos_online_3-300x225.jpg 300w, https:\/\/dominiosfull.com\/portal\/wp-content\/uploads\/2018\/08\/diseno_web_cursos_online_3-768x576.jpg 768w, https:\/\/dominiosfull.com\/portal\/wp-content\/uploads\/2018\/08\/diseno_web_cursos_online_3-700x525.jpg 700w\" sizes=\"auto, (max-width: 800px) 100vw, 800px\" \/><\/div>\r\n\t\t\t\t\t\t\t\r\n\t\t\t\t\t\t\t<div class=\"item\"><img loading=\"lazy\" decoding=\"async\" width=\"800\" height=\"600\" src=\"https:\/\/dominiosfull.com\/portal\/wp-content\/uploads\/2018\/08\/diseno_web_cursos_online_4.jpg\" class=\"attachment-full\" alt=\"\" title=\"diseno_web_cursos_online_4\" srcset=\"https:\/\/dominiosfull.com\/portal\/wp-content\/uploads\/2018\/08\/diseno_web_cursos_online_4.jpg 800w, https:\/\/dominiosfull.com\/portal\/wp-content\/uploads\/2018\/08\/diseno_web_cursos_online_4-300x225.jpg 300w, https:\/\/dominiosfull.com\/portal\/wp-content\/uploads\/2018\/08\/diseno_web_cursos_online_4-768x576.jpg 768w, https:\/\/dominiosfull.com\/portal\/wp-content\/uploads\/2018\/08\/diseno_web_cursos_online_4-700x525.jpg 700w\" sizes=\"auto, (max-width: 800px) 100vw, 800px\" \/><\/div>\r\n\t\t\t\t\t\t\t\r\n\t\t\t\t\t\t  <\/div>\r\n\t\t\t\t\t\t  <div id=\"sync2\" class=\"owl-carousel thmbwid\">\r\n\t\t\t\t\t\t\t\r\n\t\t\t\t\t\t\t\t\r\n\t\t\t\t\t\t\t<div class=\"item one\"><img loading=\"lazy\" decoding=\"async\" width=\"150\" height=\"150\" src=\"https:\/\/dominiosfull.com\/portal\/wp-content\/uploads\/2018\/08\/diseno_web_cursos_online_1-150x150.jpg\" class=\"attachment-thumbnail\" alt=\"\" title=\"diseno_web_cursos_online_1\" \/><\/div>\r\n\t\t\t\t\t\t\t\r\n\t\t\t\t\t\t\t<div class=\"item one\"><img loading=\"lazy\" decoding=\"async\" width=\"150\" height=\"150\" src=\"https:\/\/dominiosfull.com\/portal\/wp-content\/uploads\/2018\/08\/diseno_web_cursos_online_2-150x150.jpg\" class=\"attachment-thumbnail\" alt=\"\" title=\"diseno_web_cursos_online_2\" \/><\/div>\r\n\t\t\t\t\t\t\t\r\n\t\t\t\t\t\t\t<div class=\"item one\"><img loading=\"lazy\" decoding=\"async\" width=\"150\" height=\"150\" src=\"https:\/\/dominiosfull.com\/portal\/wp-content\/uploads\/2018\/08\/diseno_web_cursos_online_3-150x150.jpg\" class=\"attachment-thumbnail\" alt=\"\" title=\"diseno_web_cursos_online_3\" \/><\/div>\r\n\t\t\t\t\t\t\t\r\n\t\t\t\t\t\t\t<div class=\"item one\"><img loading=\"lazy\" decoding=\"async\" width=\"150\" height=\"150\" src=\"https:\/\/dominiosfull.com\/portal\/wp-content\/uploads\/2018\/08\/diseno_web_cursos_online_4-150x150.jpg\" class=\"attachment-thumbnail\" alt=\"\" title=\"diseno_web_cursos_online_4\" \/><\/div>\r\n\t\t\t\t\t\t\t\r\n\r\n\t\t\t\t\t\t  <\/div>\r\n\t\t\t\t\t\t<\/div>\r\n\t\t\t\t\t\t<\/div>\r\n\t\t\t\t\t\t<!-- end item -->\r\n\r\n\t\t\t\t\t<div class=\"one_third last\">\r\n\t\t\t\t\t\t\t<h3 class=\"lowercase\">Dise\u00f1o Web \/ Cursos OnLine<\/h3>\r\n\t\t\t\t\t\t\t<p class=\"cont\"><strong>VENDE TUS CURSOS ONLINE!<\/strong><br \/>\nCon tu Propio eLearning (Academia virtual) con sistema de Membres\u00eda, Dise\u00f1o limpio, responsivo a todo dispositivo, gran experiencia de navegaci\u00f3n para tus visitantes, carga r\u00e1pida, copias de seguridad Automatizadas, f\u00e1cil administraci\u00f3n, <strong>Pasarelas de Pago<\/strong>, Protocolo HTTPS, Landing Page, Pagina de Captura,  Autorresponder, optimizada para SEO.  <strong>Cont\u00e1ctenos<\/strong> Estaremos gustosos de ayudarle en su proyecto.<\/p>\r\n\t\t\t\t\t\t\t<div class=\"clearfix margin_top1\"><\/div>\r\n\t\t\t\t\t\t\t<div class=\"readmore\"><a href=\"https:\/\/www.dominiosfull.com\/clientes\/submitticket.php?step=2&#038;deptid=3\" class=\"btn linebtn\"><i class=\"fa fa-heart\"><\/i> Add to Favorites<\/a> <\/div>\r\n\r\n\t\t\t\t\t<div class=\"clearfix margin_top3\"><\/div>\r\n\r\n\t\t\t\t\t\t\t<div class=\"sidebar_social_icons\">\r\n\t\t\t\t\t\t\t  <ul class=\"social_icon_st6\">\r\n\t\t\t\t\t\t\t  \r\n\t\t\t\t\t\t\t<\/ul>\r\n\t\t\t\t\t\t\t<\/div>\r\n\t\t\t\t\t\t\t<div class=\"clearfix\"><\/div>\r\n\t\t\t\t\t\t\t<div class=\"clearfix margin_top3\"><\/div>\r\n\t\t\t\t\t\t\t\r\n\t\t\t\t\t\t\t<h3 class=\"lowercase\">Detalles<\/h3>\r\n\t\t\t\t\t\t\t\r\n\t\t\t\t\t\t\t<div class=\"widget_tag_cloud\">\r\n\t\t\t\t\t\t\t<h6><i class=\"fa fa-calendar\"><\/i> Date<\/h6>\r\n\t\t\t\t\t\t\t<ul class=\"list-style\">\r\n\t\t\t\t\t\t\t<li>Convenio Cliente<\/li>\r\n\t\t\t\t\t\t\t<\/ul>\r\n\t\t\t\t\t\t\t<\/div>\r\n\t\t\t\t\t\t\t\r\n\t\t\t\t\t\t\t<div class=\"widget_tag_cloud\">\r\n\t\t\t\t\t\t\t<h6><i class=\"fa fa-user\"><\/i> Author<\/h6>\r\n\t\t\t\t\t\t\t<ul class=\"list-style\">\r\n\t\t\t\t\t\t\t<li>Creativos DominiosFull<\/li>\r\n\t\t\t\t\t\t\t<\/ul><\/div>\r\n\t\t\t\t\t\t\t\r\n\t\t\t\t\t\t\t<div class=\"widget_tag_cloud\">\r\n\t\t\t\t\t<h6><i class=\"fa fa-tags\"><\/i> Categor\u00edas<\/h6>\r\n\t\t\t\t\t<ul class=\"tags\"><li><a href=\"#\">Dise\u00f1o Web<br \/><\/a><\/li><li><a href=\"#\">Cursos OnLine<\/a><\/li>\t<\/ul>\r\n\t\t\t\t <\/div>\r\n\t\t\t\t\t\t\t\r\n\t\t\t\t\t\t  <\/div>\r\n\t\t\t\t\t <!-- end item -->\r\n\t\t\t\t\t<\/div>\r\n\t\t\t\t<\/section>\r\n\t\t\t\t<!-- end section 1 -->\r\n\t\t\t\t<div class=\"clearfix\"><\/div>[\/vc_column][\/vc_row]<\/p>\n<\/div>","protected":false},"excerpt":{"rendered":"<p>[vc_row][vc_column][\/vc_column][\/vc_row]<\/p>\n","protected":false},"author":1,"featured_media":0,"parent":0,"menu_order":0,"comment_status":"closed","ping_status":"closed","template":"","meta":{"footnotes":""},"class_list":["post-1251","page","type-page","status-publish","hentry"],"yoast_head":"<!-- This site is optimized with the Yoast SEO Premium plugin v22.0 (Yoast SEO v22.0) - https:\/\/yoast.com\/wordpress\/plugins\/seo\/ -->\n<title>Dise\u00f1o Web \/ Cursos OnLine - DominiosFull<\/title>\n<meta name=\"robots\" content=\"index, follow, max-snippet:-1, max-image-preview:large, max-video-preview:-1\" \/>\n<link rel=\"canonical\" href=\"https:\/\/dominiosfull.com\/portal\/diseno-web-cursos-online\/\" \/>\n<meta property=\"og:locale\" content=\"es_ES\" \/>\n<meta property=\"og:type\" content=\"article\" \/>\n<meta property=\"og:title\" content=\"Dise\u00f1o Web \/ Cursos OnLine\" \/>\n<meta property=\"og:description\" content=\"[vc_row][vc_column][\/vc_column][\/vc_row]\" \/>\n<meta property=\"og:url\" content=\"https:\/\/dominiosfull.com\/portal\/diseno-web-cursos-online\/\" \/>\n<meta property=\"og:site_name\" content=\"DominiosFull\" \/>\n<meta property=\"article:publisher\" content=\"https:\/\/www.facebook.com\/dominiosfullpagina\" \/>\n<meta property=\"article:modified_time\" content=\"2018-08-28T23:01:43+00:00\" \/>\n<meta name=\"twitter:card\" content=\"summary_large_image\" \/>\n<meta name=\"twitter:site\" content=\"@dominiosfull\" \/>\n<meta name=\"twitter:label1\" content=\"Tiempo de lectura\" \/>\n\t<meta name=\"twitter:data1\" content=\"1 minuto\" \/>\n<script type=\"application\/ld+json\" class=\"yoast-schema-graph\">{\"@context\":\"https:\/\/schema.org\",\"@graph\":[{\"@type\":\"WebPage\",\"@id\":\"https:\/\/dominiosfull.com\/portal\/diseno-web-cursos-online\/\",\"url\":\"https:\/\/dominiosfull.com\/portal\/diseno-web-cursos-online\/\",\"name\":\"Dise\u00f1o Web \/ Cursos OnLine - DominiosFull\",\"isPartOf\":{\"@id\":\"https:\/\/dominiosfull.com\/portal\/#website\"},\"datePublished\":\"2018-08-28T22:25:21+00:00\",\"dateModified\":\"2018-08-28T23:01:43+00:00\",\"breadcrumb\":{\"@id\":\"https:\/\/dominiosfull.com\/portal\/diseno-web-cursos-online\/#breadcrumb\"},\"inLanguage\":\"es\",\"potentialAction\":[{\"@type\":\"ReadAction\",\"target\":[\"https:\/\/dominiosfull.com\/portal\/diseno-web-cursos-online\/\"]}]},{\"@type\":\"BreadcrumbList\",\"@id\":\"https:\/\/dominiosfull.com\/portal\/diseno-web-cursos-online\/#breadcrumb\",\"itemListElement\":[{\"@type\":\"ListItem\",\"position\":1,\"name\":\"Home\",\"item\":\"https:\/\/dominiosfull.com\/portal\/\"},{\"@type\":\"ListItem\",\"position\":2,\"name\":\"Dise\u00f1o Web \/ Cursos OnLine\"}]},{\"@type\":\"WebSite\",\"@id\":\"https:\/\/dominiosfull.com\/portal\/#website\",\"url\":\"https:\/\/dominiosfull.com\/portal\/\",\"name\":\"DominiosFull.com\",\"description\":\"Inform\u00e1tica en Internet\",\"publisher\":{\"@id\":\"https:\/\/dominiosfull.com\/portal\/#organization\"},\"potentialAction\":[{\"@type\":\"SearchAction\",\"target\":{\"@type\":\"EntryPoint\",\"urlTemplate\":\"https:\/\/dominiosfull.com\/portal\/?s={search_term_string}\"},\"query-input\":\"required name=search_term_string\"}],\"inLanguage\":\"es\"},{\"@type\":\"Organization\",\"@id\":\"https:\/\/dominiosfull.com\/portal\/#organization\",\"name\":\"DominiosFull\",\"url\":\"https:\/\/dominiosfull.com\/portal\/\",\"logo\":{\"@type\":\"ImageObject\",\"inLanguage\":\"es\",\"@id\":\"https:\/\/dominiosfull.com\/portal\/#\/schema\/logo\/image\/\",\"url\":\"https:\/\/dominiosfull.com\/portal\/wp-content\/uploads\/2018\/07\/White-with-Colorful-Icon-Computer-Logo-2.fw_.png\",\"contentUrl\":\"https:\/\/dominiosfull.com\/portal\/wp-content\/uploads\/2018\/07\/White-with-Colorful-Icon-Computer-Logo-2.fw_.png\",\"width\":356,\"height\":112,\"caption\":\"DominiosFull\"},\"image\":{\"@id\":\"https:\/\/dominiosfull.com\/portal\/#\/schema\/logo\/image\/\"},\"sameAs\":[\"https:\/\/www.facebook.com\/dominiosfullpagina\",\"https:\/\/twitter.com\/dominiosfull\",\"https:\/\/www.instagram.com\/dominiosfull\/\"]}]}<\/script>\n<!-- \/ Yoast SEO Premium plugin. -->","yoast_head_json":{"title":"Dise\u00f1o Web \/ Cursos OnLine - DominiosFull","robots":{"index":"index","follow":"follow","max-snippet":"max-snippet:-1","max-image-preview":"max-image-preview:large","max-video-preview":"max-video-preview:-1"},"canonical":"https:\/\/dominiosfull.com\/portal\/diseno-web-cursos-online\/","og_locale":"es_ES","og_type":"article","og_title":"Dise\u00f1o Web \/ Cursos OnLine","og_description":"[vc_row][vc_column][\/vc_column][\/vc_row]","og_url":"https:\/\/dominiosfull.com\/portal\/diseno-web-cursos-online\/","og_site_name":"DominiosFull","article_publisher":"https:\/\/www.facebook.com\/dominiosfullpagina","article_modified_time":"2018-08-28T23:01:43+00:00","twitter_card":"summary_large_image","twitter_site":"@dominiosfull","twitter_misc":{"Tiempo de lectura":"1 minuto"},"schema":{"@context":"https:\/\/schema.org","@graph":[{"@type":"WebPage","@id":"https:\/\/dominiosfull.com\/portal\/diseno-web-cursos-online\/","url":"https:\/\/dominiosfull.com\/portal\/diseno-web-cursos-online\/","name":"Dise\u00f1o Web \/ Cursos OnLine - DominiosFull","isPartOf":{"@id":"https:\/\/dominiosfull.com\/portal\/#website"},"datePublished":"2018-08-28T22:25:21+00:00","dateModified":"2018-08-28T23:01:43+00:00","breadcrumb":{"@id":"https:\/\/dominiosfull.com\/portal\/diseno-web-cursos-online\/#breadcrumb"},"inLanguage":"es","potentialAction":[{"@type":"ReadAction","target":["https:\/\/dominiosfull.com\/portal\/diseno-web-cursos-online\/"]}]},{"@type":"BreadcrumbList","@id":"https:\/\/dominiosfull.com\/portal\/diseno-web-cursos-online\/#breadcrumb","itemListElement":[{"@type":"ListItem","position":1,"name":"Home","item":"https:\/\/dominiosfull.com\/portal\/"},{"@type":"ListItem","position":2,"name":"Dise\u00f1o Web \/ Cursos OnLine"}]},{"@type":"WebSite","@id":"https:\/\/dominiosfull.com\/portal\/#website","url":"https:\/\/dominiosfull.com\/portal\/","name":"DominiosFull.com","description":"Inform\u00e1tica en Internet","publisher":{"@id":"https:\/\/dominiosfull.com\/portal\/#organization"},"potentialAction":[{"@type":"SearchAction","target":{"@type":"EntryPoint","urlTemplate":"https:\/\/dominiosfull.com\/portal\/?s={search_term_string}"},"query-input":"required name=search_term_string"}],"inLanguage":"es"},{"@type":"Organization","@id":"https:\/\/dominiosfull.com\/portal\/#organization","name":"DominiosFull","url":"https:\/\/dominiosfull.com\/portal\/","logo":{"@type":"ImageObject","inLanguage":"es","@id":"https:\/\/dominiosfull.com\/portal\/#\/schema\/logo\/image\/","url":"https:\/\/dominiosfull.com\/portal\/wp-content\/uploads\/2018\/07\/White-with-Colorful-Icon-Computer-Logo-2.fw_.png","contentUrl":"https:\/\/dominiosfull.com\/portal\/wp-content\/uploads\/2018\/07\/White-with-Colorful-Icon-Computer-Logo-2.fw_.png","width":356,"height":112,"caption":"DominiosFull"},"image":{"@id":"https:\/\/dominiosfull.com\/portal\/#\/schema\/logo\/image\/"},"sameAs":["https:\/\/www.facebook.com\/dominiosfullpagina","https:\/\/twitter.com\/dominiosfull","https:\/\/www.instagram.com\/dominiosfull\/"]}]}},"_links":{"self":[{"href":"https:\/\/dominiosfull.com\/portal\/wp-json\/wp\/v2\/pages\/1251","targetHints":{"allow":["GET"]}}],"collection":[{"href":"https:\/\/dominiosfull.com\/portal\/wp-json\/wp\/v2\/pages"}],"about":[{"href":"https:\/\/dominiosfull.com\/portal\/wp-json\/wp\/v2\/types\/page"}],"author":[{"embeddable":true,"href":"https:\/\/dominiosfull.com\/portal\/wp-json\/wp\/v2\/users\/1"}],"replies":[{"embeddable":true,"href":"https:\/\/dominiosfull.com\/portal\/wp-json\/wp\/v2\/comments?post=1251"}],"version-history":[{"count":7,"href":"https:\/\/dominiosfull.com\/portal\/wp-json\/wp\/v2\/pages\/1251\/revisions"}],"predecessor-version":[{"id":1265,"href":"https:\/\/dominiosfull.com\/portal\/wp-json\/wp\/v2\/pages\/1251\/revisions\/1265"}],"wp:attachment":[{"href":"https:\/\/dominiosfull.com\/portal\/wp-json\/wp\/v2\/media?parent=1251"}],"curies":[{"name":"wp","href":"https:\/\/api.w.org\/{rel}","templated":true}]}}